{"id":10858,"date":"2020-10-01T14:52:51","date_gmt":"2020-10-01T11:52:51","guid":{"rendered":"https:\/\/www.cemka.biz\/?page_id=10858"},"modified":"2020-11-13T13:55:23","modified_gmt":"2020-11-13T10:55:23","slug":"ascenseur-conception-dascenseur","status":"publish","type":"page","link":"https:\/\/www.cemka.com.tr\/francais\/ascenseur-conception-dascenseur","title":{"rendered":"Conception d&#8217;ascenseur"},"content":{"rendered":"<p>[vc_row][vc_column]<div class=\"ult-spacer spacer-69e151fa8a593\" data-id=\"69e151fa8a593\" data-height=\"10\" data-height-mobile=\"5\" data-height-tab=\"5\" data-height-tab-portrait=\"5\" data-height-mobile-landscape=\"5\" style=\"clear:both;display:block;\"><\/div>[vc_column_text]Conception d&#8217;ascenseurs; Il s&#8217;agit de l&#8217;ensemble des travaux dans lesquels les dessins et les calculs relatifs aux ascenseurs sont inclus dans le contenu par les ing\u00e9nieurs autoris\u00e9s et exp\u00e9riment\u00e9s afin que l&#8217;ascenseur qui doit \u00eatre construit soit conforme \u00e0 la l\u00e9gislation en vigueur et soit en m\u00eame temps capable de r\u00e9pondre aux demandes des clients au plus haut niveau. La conception de l&#8217;ascenseur doit \u00eatre conforme \u00e0 la l\u00e9gislation \u00e0 laquelle l&#8217;ascenseur est soumis et en tenant compte de l&#8217;analyse du trafic d&#8217;ascenseur. La conception des ascenseurs ne doit pas \u00eatre per\u00e7ue comme un simple placement d&#8217;un ascenseur dans la cage existante conform\u00e9ment aux dimensions. Les demandes des clients ne doivent pas emp\u00eacher les calculs techniques et la l\u00e9gislation des ascenseurs. Fort de cette prise de conscience, Cemka Engineering continue de fournir des services de conception d&#8217;ascenseurs en s&#8217;am\u00e9liorant continuellement pendant plus de 15 ans pour r\u00e9pondre \u00e0 la fois \u00e0 la l\u00e9gislation, au calcul et aux besoins des clients.[\/vc_column_text][\/vc_column][\/vc_row][vc_row][vc_column]<div class='dt-sc-title script-with-sub-title aligncenter'><h4>\u00c9chantillons de conception d'ascenseur<\/h4><h4><\/h4><\/div>[\/vc_column][vc_column]<div id=\"ult-carousel-211773387769e151fa8a78e\" class=\"ult-carousel-wrapper   ult_horizontal\" data-gutter=\"15\" data-rtl=\"false\" ><div class=\"ult-carousel-31519668269e151fa8a600 \" >[vc_single_image image=&#8221;10403&#8243; img_size=&#8221;600&#215;600&#8243; style=&#8221;vc_box_shadow_3d&#8221; onclick=&#8221;link_image&#8221;][vc_single_image image=&#8221;10404&#8243; img_size=&#8221;600&#215;600&#8243; style=&#8221;vc_box_shadow_3d&#8221; onclick=&#8221;link_image&#8221;][vc_single_image image=&#8221;10405&#8243; img_size=&#8221;600&#215;600&#8243; style=&#8221;vc_box_shadow_3d&#8221; onclick=&#8221;link_image&#8221;]<\/div><\/div>\t\t\t<script type=\"text\/javascript\">\n\t\t\t\tjQuery(document).ready(function ($) {\n\t\t\t\t\tif( typeof jQuery('.ult-carousel-31519668269e151fa8a600').slick == \"function\"){\n\t\t\t\t\t\t$('.ult-carousel-31519668269e151fa8a600').slick({dots: true,autoplay: true,autoplaySpeed: 5000,speed: 300,infinite: false,arrows: false,slidesToScroll:3,slidesToShow:3,swipe: true,draggable: true,touchMove: true,pauseOnHover: true,pauseOnFocus: false,responsive: [\n\t\t\t\t\t\t\t{\n\t\t\t\t\t\t\t  breakpoint: 1026,\n\t\t\t\t\t\t\t  settings: {\n\t\t\t\t\t\t\t\tslidesToShow: 3,\n\t\t\t\t\t\t\t\tslidesToScroll: 3,  \n\t\t\t\t\t\t\t  }\n\t\t\t\t\t\t\t},\n\t\t\t\t\t\t\t{\n\t\t\t\t\t\t\t  breakpoint: 1025,\n\t\t\t\t\t\t\t  settings: {\n\t\t\t\t\t\t\t\tslidesToShow: 2,\n\t\t\t\t\t\t\t\tslidesToScroll: 2\n\t\t\t\t\t\t\t  }\n\t\t\t\t\t\t\t},\n\t\t\t\t\t\t\t{\n\t\t\t\t\t\t\t  breakpoint: 760,\n\t\t\t\t\t\t\t  settings: {\n\t\t\t\t\t\t\t\tslidesToShow: 1,\n\t\t\t\t\t\t\t\tslidesToScroll: 1\n\t\t\t\t\t\t\t  }\n\t\t\t\t\t\t\t}\n\t\t\t\t\t\t],pauseOnDotsHover: true,customPaging: function(slider, i) {\n                   return '<i type=\"button\" style= \"color:#333333;\" class=\"ultsl-record\" data-role=\"none\"><\/i>';\n                },});\n\t\t\t\t\t}\n\t\t\t\t});\n\t\t\t<\/script>\n\t\t\t[\/vc_column][\/vc_row][vc_row full_width=&#8221;stretch_row&#8221; css_animation=&#8221;none&#8221; el_class=&#8221;secondary-skin-bg safari-hack&#8221; el_id=&#8221;Cemka Proje Firmas\u0131&#8221;][vc_column]<div class=\"ult-spacer spacer-69e151fa8a848\" data-id=\"69e151fa8a848\" data-height=\"25\" data-height-mobile=\"10\" data-height-tab=\"10\" data-height-tab-portrait=\"10\" data-height-mobile-landscape=\"10\" style=\"clear:both;display:block;\"><\/div>[\/vc_column][vc_column width=&#8221;3\/4&#8243;]<div class='dt-sc-title script-with-sub-title '><h3>Cabinet de projet <strong>comp\u00e9tent et exp\u00e9riment\u00e9<\/strong><\/h3><h5>CEMKA Engineering est une organisation de projet autoris\u00e9e et certifi\u00e9e en conception d'ascenseurs et en planification de projets. Il vous fournit toujours un service pr\u00e9cis et rapide avec son personnel exp\u00e9riment\u00e9,<\/h5><\/div>[\/vc_column][vc_column width=&#8221;1\/4&#8243; offset=&#8221;vc_hidden-xs&#8221;]<div class=\"ult-spacer spacer-69e151fa8a8ba\" data-id=\"69e151fa8a8ba\" data-height=\"30\" data-height-mobile=\"30\" data-height-tab=\"30\" data-height-tab-portrait=\"\" data-height-mobile-landscape=\"\" style=\"clear:both;display:block;\"><\/div><div class=\"ult-animation  ult-animate-viewport  ult-no-mobile \" data-animate=\"pulse\" data-animation-delay=\"0.3\" data-animation-duration=\"0.3\" data-animation-iteration=\"1\" style=\"opacity:0;\" data-opacity_start_effect=\"\"><a href='https:\/\/www.cemka.com.tr\/asansor-uygulama-proje-hizmeti\/' target=' _blank' title='Asans\u00f6r Uygulama Projesi' class='dt-sc-button   medium icon-right with-icon  bordered  ' > info d\u00e9taill\u00e9es <span class='zmdi zmdi-arrow-right'> <\/span><\/a><\/div>[\/vc_column][vc_column]<div class=\"ult-spacer spacer-69e151fa8aa93\" data-id=\"69e151fa8aa93\" data-height=\"30\" data-height-mobile=\"10\" data-height-tab=\"10\" data-height-tab-portrait=\"10\" data-height-mobile-landscape=\"10\" style=\"clear:both;display:block;\"><\/div>[\/vc_column][\/vc_row][vc_row][vc_column]<div class='dt-sc-hr-invisible-small '> <\/div>[vc_single_image image=&#8221;10371&#8243; img_size=&#8221;large&#8221; alignment=&#8221;center&#8221; style=&#8221;vc_box_shadow_3d&#8221; css_animation=&#8221;none&#8221;][\/vc_column][\/vc_row][vc_row][vc_column]<div class=\"ult-spacer spacer-69e151fa8aad2\" data-id=\"69e151fa8aad2\" data-height=\"0\" data-height-mobile=\"0\" data-height-tab=\"0\" data-height-tab-portrait=\"\" data-height-mobile-landscape=\"\" style=\"clear:both;display:block;\"><\/div>[vc_row_inner spacing=&#8221;default_no_spaces&#8221;][vc_column_inner]<h3><center><strong>Pourquoi<\/strong> devrais-je obtenir le service de projet d'ascenseur de la soci\u00e9t\u00e9 <strong>Cemka<\/strong>?<\/center><\/h3><div class=\"ult-spacer spacer-69e151fa8ab0f\" data-id=\"69e151fa8ab0f\" data-height=\"20\" data-height-mobile=\"0\" data-height-tab=\"5\" data-height-tab-portrait=\"5\" data-height-mobile-landscape=\"0\" style=\"clear:both;display:block;\"><\/div>[\/vc_column_inner][\/vc_row_inner][\/vc_column][vc_column width=&#8221;1\/2&#8243;]<div class='dt-sc-toggle-frame-set type3 '><div class=\"dt-sc-toggle-frame\">\t<h5 class='dt-sc-toggle-accordion '><a href='#'>&#8221;Personnel<\/a><\/h5>\t<div class=\"dt-sc-toggle-content\" style=\"display: none;\">\t\t<div class=\"block\">[vc_column_text]Cemka Engineering est au service de sa grande capacit\u00e9 et de son personnel exp\u00e9riment\u00e9 depuis plus de 15 ans. CEMKA Engineering s&#8217;appuie sur son personnel exp\u00e9riment\u00e9 notamment dans le service qu&#8217;il fournit dans le plan de la cage d&#8217;ascenseur, les calculs de r\u00e9sistance du plan de la cabine et le projet d&#8217;ascenseur.[\/vc_column_text]\t\t<\/div>\t<\/div><\/div><div class=\"dt-sc-toggle-frame\">\t<h5 class='dt-sc-toggle-accordion '><a href='#'>&#8221;Bureau<\/a><\/h5>\t<div class=\"dt-sc-toggle-content\" style=\"display: none;\">\t\t<div class=\"block\">[vc_column_text css=&#8221;.vc_custom_1605097689295{margin-bottom: 0px !important;}&#8221;]Cemka Engineering fournit un service rapide \u00e0 ses clients avec son bureau de plans, parfois attendre des jours pour des petits plans et des travaux de photocopie est une situation qui n&#8217;est pas arriv\u00e9e \u00e0 ses clients depuis des ann\u00e9es chez CEMKA. La plupart du temps, votre projet est pr\u00eat et exp\u00e9di\u00e9 le jour m\u00eame[\/vc_column_text]\t\t<\/div>\t<\/div><\/div><div class=\"dt-sc-toggle-frame\">\t<h5 class='dt-sc-toggle-accordion '><a href='#'>&#8221;Ordres<\/a><\/h5>\t<div class=\"dt-sc-toggle-content\" style=\"display: none;\">\t\t<div class=\"block\">[vc_column_text css=&#8221;.vc_custom_1605097731837{margin-bottom: 0px !important;}&#8221;]Chez CEMKA Engineering, vos projets sont s\u00fbrs m\u00eame apr\u00e8s des ann\u00e9es. Vous pouvez acc\u00e9der \u00e0 toutes sortes d&#8217;informations en tr\u00e8s peu de temps avec le syst\u00e8me de suivi CRM. Vous pouvez \u00e9galement avoir des informations claires sur l&#8217;\u00e9tat de vos commandes.[\/vc_column_text]\t\t<\/div>\t<\/div><\/div><div class=\"dt-sc-toggle-frame\">\t<h5 class='dt-sc-toggle-accordion '><a href='#'>&#8221;Syst\u00e8mes<\/a><\/h5>\t<div class=\"dt-sc-toggle-content\" style=\"display: none;\">\t\t<div class=\"block\">[vc_column_text css=&#8221;.vc_custom_1605097774104{margin-bottom: 0px !important;}&#8221;]Dans Cemka Engineering, vos projets et fichiers techniques vous appartenant ne sont jamais perdus, et vos projets et documents sont en s\u00e9curit\u00e9 dans le syst\u00e8me CRM, les syst\u00e8mes Windows Server internes et les serveurs cloud.[\/vc_column_text]\t\t<\/div>\t<\/div><\/div><\/div>[\/vc_column][vc_column width=&#8221;1\/2&#8243; el_class=&#8221;custom-arrow-navigation&#8221; offset=&#8221;vc_hidden-xs&#8221;]<div id=\"ult-carousel-47443000069e151fa8b2ed\" class=\"ult-carousel-wrapper  custom-arrow-navigation ult_horizontal\" data-gutter=\"15\" data-rtl=\"false\" ><div class=\"ult-carousel-83926500469e151fa8b2be \" >[vc_single_image image=&#8221;10705&#8243; img_size=&#8221;full&#8221;][vc_single_image image=&#8221;10704&#8243; img_size=&#8221;full&#8221;][vc_single_image image=&#8221;10703&#8243; img_size=&#8221;full&#8221;][vc_single_image image=&#8221;10707&#8243; img_size=&#8221;full&#8221;]<\/div><\/div>\t\t\t<script type=\"text\/javascript\">\n\t\t\t\tjQuery(document).ready(function ($) {\n\t\t\t\t\tif( typeof jQuery('.ult-carousel-83926500469e151fa8b2be').slick == \"function\"){\n\t\t\t\t\t\t$('.ult-carousel-83926500469e151fa8b2be').slick({dots: false,autoplay: true,autoplaySpeed: 3000,speed: 750,infinite: true,arrows: false,slidesToScroll:1,slidesToShow:1,swipe: true,draggable: true,touchMove: true,pauseOnHover: true,pauseOnFocus: false,adaptiveHeight: true,responsive: [\n\t\t\t\t\t\t\t{\n\t\t\t\t\t\t\t  breakpoint: 1026,\n\t\t\t\t\t\t\t  settings: {\n\t\t\t\t\t\t\t\tslidesToShow: 1,\n\t\t\t\t\t\t\t\tslidesToScroll: 1,  \n\t\t\t\t\t\t\t  }\n\t\t\t\t\t\t\t},\n\t\t\t\t\t\t\t{\n\t\t\t\t\t\t\t  breakpoint: 1025,\n\t\t\t\t\t\t\t  settings: {\n\t\t\t\t\t\t\t\tslidesToShow: 1,\n\t\t\t\t\t\t\t\tslidesToScroll: 1\n\t\t\t\t\t\t\t  }\n\t\t\t\t\t\t\t},\n\t\t\t\t\t\t\t{\n\t\t\t\t\t\t\t  breakpoint: 760,\n\t\t\t\t\t\t\t  settings: {\n\t\t\t\t\t\t\t\tslidesToShow: 1,\n\t\t\t\t\t\t\t\tslidesToScroll: 1\n\t\t\t\t\t\t\t  }\n\t\t\t\t\t\t\t}\n\t\t\t\t\t\t],pauseOnDotsHover: true,customPaging: function(slider, i) {\n                   return '<i type=\"button\" style= \"color:#333333;\" class=\"ultsl-record\" data-role=\"none\"><\/i>';\n                },});\n\t\t\t\t\t}\n\t\t\t\t});\n\t\t\t<\/script>\n\t\t\t[\/vc_column][vc_column][\/vc_column][\/vc_row][vc_row][vc_column width=&#8221;2\/3&#8243;]<div class='dt-sc-title script-with-sub-title alignleft with-separator---'><h3><strong>Foire Aux Questions<\/strong><\/h3><h3><\/h3><\/div><div class='dt-sc-toggle-frame-set type2 h5'><div class=\"dt-sc-toggle-frame\">\t<h5 class='dt-sc-toggle-accordion '><a href='#'>&#8221;Comment<\/a><\/h5>\t<div class=\"dt-sc-toggle-content\" style=\"display: none;\">\t\t<div class=\"block\">[vc_column_text]Afin de commencer la conception et les dessins de l&#8217;ascenseur, les dimensions de la cage d&#8217;ascenseur et du b\u00e2timent sont requises. Avec les entreprises soumettant les dimensions de la gaine au CEMKA, la conception des ascenseurs commence en tenant compte des calculs de trafic et des r\u00e9glementations l\u00e9gales en compagnie de personnel expert.<\/p>\n<p>Le type d&#8217;\u00e9l\u00e9vateur et les dimensions de la gaine souhait\u00e9s sont n\u00e9cessaires pour le service de conception d&#8217;ascenseurs. Obtenir les bonnes mesures est important pour le travail de Design Service. Sinon, le travail sera faux d\u00e8s le d\u00e9but.[\/vc_column_text]\t\t<\/div>\t<\/div><\/div><div class=\"dt-sc-toggle-frame\">\t<h5 class='dt-sc-toggle-accordion '><a href='#'>&#8221;Concevez-vous<\/a><\/h5>\t<div class=\"dt-sc-toggle-content\" style=\"display: none;\">\t\t<div class=\"block\">[vc_column_text]Nous sommes une soci\u00e9t\u00e9 d&#8217;ing\u00e9nierie qui offre des services de conception d&#8217;ascenseurs selon les normes europ\u00e9ennes EN.[\/vc_column_text]\t\t<\/div>\t<\/div><\/div><div class=\"dt-sc-toggle-frame\">\t<h5 class='dt-sc-toggle-accordion '><a href='#'>&#8221;Qu&#8217;est-ce<\/a><\/h5>\t<div class=\"dt-sc-toggle-content\" style=\"display: none;\">\t\t<div class=\"block\">[vc_column_text]Il s&#8217;agit du processus de d\u00e9termination de la vitesse nominale, de la charge nominale et du type de commande de chaque ascenseur, ainsi que du nombre d&#8217;ascenseurs \u00e0 concevoir en fonction de l&#8217;usage du b\u00e2timent.[\/vc_column_text]\t\t<\/div>\t<\/div><\/div><div class=\"dt-sc-toggle-frame\">\t<h5 class='dt-sc-toggle-accordion '><a href='#'>&#8221;Ce<\/a><\/h5>\t<div class=\"dt-sc-toggle-content\" style=\"display: none;\">\t\t<div class=\"block\">[vc_column_text]Pour le calcul du trafic d&#8217;ascenseur, les caract\u00e9ristiques architecturales et le projet du b\u00e2timent o\u00f9 l&#8217;ascenseur sera install\u00e9 sont n\u00e9cessaires.[\/vc_column_text]\t\t<\/div>\t<\/div><\/div><div class=\"dt-sc-toggle-frame\">\t<h5 class='dt-sc-toggle-accordion '><a href='#'>&#8221;Qu&#8217;implique<\/a><\/h5>\t<div class=\"dt-sc-toggle-content\" style=\"display: none;\">\t\t<div class=\"block\">[vc_column_text]Le service de conception d&#8217;ascenseurs CEMKA comprend le plan de la cage d&#8217;ascenseur, le plan de la cabine, les dessins et les calculs d&#8217;ascenseur.[\/vc_column_text]\t\t<\/div>\t<\/div><\/div><\/div>[\/vc_column][vc_column width=&#8221;1\/3&#8243;]<div class='dt-sc-title script-with-sub-title alignleft with-separator---'><h3>Formulaires et infos<\/h3><h3><\/h3><\/div><a class='dt-sc-colored-big-buttons with-left-icon blue ' target=' _blank' title='Cemka Asans\u00f6r Proje Formu' href='https:\/\/www.cemka.com.tr\/wp-content\/uploads\/2020\/04\/Asanso\u0308r-Proje-Formu.pdf'> <span class='pe-icon pe-download'> <\/span> Formulaire de projet <br> <strong>pour ascenseur<\/strong> <\/a><div class=\"ult-spacer spacer-69e151fa8b794\" data-id=\"69e151fa8b794\" data-height=\"30\" data-height-mobile=\"30\" data-height-tab=\"30\" data-height-tab-portrait=\"\" data-height-mobile-landscape=\"\" style=\"clear:both;display:block;\"><\/div><div class='dt-sc-title script-with-sub-title alignleft with-separator---'><h3>Contactez-nous <strong> pour information<\/strong><\/h3><h3><\/h3><\/div><div class=\"ult-spacer spacer-69e151fa8b7d5\" data-id=\"69e151fa8b7d5\" data-height=\"15\" data-height-mobile=\"15\" data-height-tab=\"15\" data-height-tab-portrait=\"\" data-height-mobile-landscape=\"\" style=\"clear:both;display:block;\"><\/div>[vc_single_image image=&#8221;10712&#8243; img_size=&#8221;full&#8221; style=&#8221;vc_box_shadow_3d&#8221; onclick=&#8221;custom_link&#8221; css_animation=&#8221;flipInX&#8221; link=&#8221;mailto:info@cemka.net&#8221;][\/vc_column][\/vc_row][vc_row][vc_column]<div class=\"ult-spacer spacer-69e151fa8b801\" data-id=\"69e151fa8b801\" data-height=\"50\" data-height-mobile=\"10\" data-height-tab=\"50\" data-height-tab-portrait=\"50\" data-height-mobile-landscape=\"10\" style=\"clear:both;display:block;\"><\/div>[\/vc_column][\/vc_row]<\/p>\n","protected":false},"excerpt":{"rendered":"<p>[vc_row][vc_column][vc_column_text]Conception d&#8217;ascenseurs; Il s&#8217;agit de l&#8217;ensemble des travaux dans lesquels les dessins et les calculs relatifs aux ascenseurs sont inclus dans le contenu par les ing\u00e9nieurs autoris\u00e9s et exp\u00e9riment\u00e9s afin que l&#8217;ascenseur qui doit \u00eatre construit soit conforme \u00e0 la l\u00e9gislation en vigueur et soit en m\u00eame temps capable de r\u00e9pondre aux demandes des clients [&hellip;]<\/p>\n","protected":false},"author":1,"featured_media":0,"parent":0,"menu_order":0,"comment_status":"closed","ping_status":"closed","template":"","meta":[],"_links":{"self":[{"href":"https:\/\/www.cemka.com.tr\/francais\/wp-json\/wp\/v2\/pages\/10858"}],"collection":[{"href":"https:\/\/www.cemka.com.tr\/francais\/wp-json\/wp\/v2\/pages"}],"about":[{"href":"https:\/\/www.cemka.com.tr\/francais\/wp-json\/wp\/v2\/types\/page"}],"author":[{"embeddable":true,"href":"https:\/\/www.cemka.com.tr\/francais\/wp-json\/wp\/v2\/users\/1"}],"replies":[{"embeddable":true,"href":"https:\/\/www.cemka.com.tr\/francais\/wp-json\/wp\/v2\/comments?post=10858"}],"version-history":[{"count":0,"href":"https:\/\/www.cemka.com.tr\/francais\/wp-json\/wp\/v2\/pages\/10858\/revisions"}],"wp:attachment":[{"href":"https:\/\/www.cemka.com.tr\/francais\/wp-json\/wp\/v2\/media?parent=10858"}],"curies":[{"name":"wp","href":"https:\/\/api.w.org\/{rel}","templated":true}]}}