{"id":10860,"date":"2020-10-01T14:53:36","date_gmt":"2020-10-01T11:53:36","guid":{"rendered":"https:\/\/www.cemka.biz\/?page_id=10860"},"modified":"2020-11-13T13:49:44","modified_gmt":"2020-11-13T10:49:44","slug":"ascenseur-dossier-technique-dascenseur","status":"publish","type":"page","link":"https:\/\/www.cemka.com.tr\/francais\/ascenseur-dossier-technique-dascenseur","title":{"rendered":"Dossier technique d&#8217;ascenseur"},"content":{"rendered":"<p>[vc_row][vc_column]<div class=\"ult-spacer spacer-69f4f8e162f12\" data-id=\"69f4f8e162f12\" data-height=\"30\" data-height-mobile=\"5\" data-height-tab=\"5\" data-height-tab-portrait=\"5\" data-height-mobile-landscape=\"5\" style=\"clear:both;display:block;\"><\/div>[\/vc_column][vc_column width=&#8221;1\/3&#8243;][vc_single_image image=&#8221;10315&#8243; img_size=&#8221;large&#8221; style=&#8221;vc_box_shadow_3d&#8221;][\/vc_column][vc_column width=&#8221;2\/3&#8243;][vc_column_text]Selon la directive 2014\/33 \/ UE, le dossier technique de l&#8217;ascenseur \u00e0 mettre sur le march\u00e9 doit \u00eatre pr\u00e9par\u00e9 et appos\u00e9 avec le marquage CE avec l&#8217;approbation de la d\u00e9claration de conformit\u00e9. Dans la l\u00e9gislation actuelle, le dossier technique doit \u00eatre pr\u00e9par\u00e9 conform\u00e9ment \u00e0 la partie Annexe c de la norme pour l&#8217;ascenseur install\u00e9 conform\u00e9ment \u00e0 la norme EN 81-20. Le dossier technique comprend essentiellement des informations sur les ascenseurs, des calculs et de nombreux manuels. En tant qu&#8217;ing\u00e9nierie CEMKA, nous fournissons ce service \u00e0 des centaines d&#8217;entreprises d&#8217;ascenseurs avec des services de projet et de conception.<\/p>\n<ul>\n<li>Si l&#8217;entreprise d\u00e9clare la d\u00e9claration de conformit\u00e9 UE, elle doit avoir le dossier technique \u00e0 port\u00e9e de main.<\/li>\n<li>Il doit conserver le dossier technique CE pr\u00eat \u00e0 \u00eatre pr\u00e9sent\u00e9 pendant 10 ans.<\/li>\n<li>Le dossier technique doit contenir des projets, des calculs et des manuels relatifs aux ascenseurs.<\/li>\n<\/ul>\n<p>[\/vc_column_text][\/vc_column][vc_column][vc_column_text]<strong>CEMKA ENGINEERING PR\u00c9PARE LE FICHIER TECHNIQUE D&#8217;ASCENSEUR DE LA MANI\u00c8RE LA PLUS PR\u00c9CISE ET SANS ERREUR.<\/strong><\/p>\n<p>La fiabilit\u00e9 du dossier technique et l&#8217;exactitude des informations qu&#8217;il contient sont tr\u00e8s importantes. Confiant \u00e0 cet \u00e9gard, CEMKA fournit un service sans probl\u00e8me sur dossier technique avec le logiciel CRM qu&#8217;il a d\u00e9velopp\u00e9.[\/vc_column_text][\/vc_column][\/vc_row][vc_row full_width=&#8221;stretch_row&#8221; css_animation=&#8221;none&#8221; el_class=&#8221;secondary-skin-bg safari-hack&#8221; el_id=&#8221;Cemka Proje Firmas\u0131&#8221;][vc_column]<div class=\"ult-spacer spacer-69f4f8e162f40\" data-id=\"69f4f8e162f40\" data-height=\"30\" data-height-mobile=\"10\" data-height-tab=\"10\" data-height-tab-portrait=\"10\" data-height-mobile-landscape=\"10\" style=\"clear:both;display:block;\"><\/div>[\/vc_column][vc_column width=&#8221;3\/4&#8243;]<div class='dt-sc-title script-with-sub-title '><h3>Cabinet de projet <strong>comp\u00e9tent et exp\u00e9riment\u00e9<\/strong><\/h3><h5>CEMKA Engineering est une organisation de projet autoris\u00e9e et certifi\u00e9e en conception d'ascenseurs et en planification de projets. Il vous fournit toujours un service pr\u00e9cis et rapide avec son personnel exp\u00e9riment\u00e9,<\/h5><\/div>[\/vc_column][vc_column width=&#8221;1\/4&#8243; offset=&#8221;vc_hidden-xs&#8221;]<div class=\"ult-spacer spacer-69f4f8e162f8f\" data-id=\"69f4f8e162f8f\" data-height=\"30\" data-height-mobile=\"30\" data-height-tab=\"30\" data-height-tab-portrait=\"\" data-height-mobile-landscape=\"\" style=\"clear:both;display:block;\"><\/div><div class=\"ult-animation  ult-animate-viewport  ult-no-mobile \" data-animate=\"pulse\" data-animation-delay=\"0.3\" data-animation-duration=\"0.3\" data-animation-iteration=\"1\" style=\"opacity:0;\" data-opacity_start_effect=\"\"><a href='https:\/\/www.cemka.com.tr\/asansor-uygulama-proje-hizmeti\/' target=' _blank' title='Asans\u00f6r Uygulama Projesi' class='dt-sc-button   medium icon-right with-icon  bordered  ' > info d\u00e9taill\u00e9es <span class='zmdi zmdi-arrow-right'> <\/span><\/a><\/div>[\/vc_column][vc_column]<div class=\"ult-spacer spacer-69f4f8e1630ea\" data-id=\"69f4f8e1630ea\" data-height=\"30\" data-height-mobile=\"10\" data-height-tab=\"10\" data-height-tab-portrait=\"10\" data-height-mobile-landscape=\"10\" style=\"clear:both;display:block;\"><\/div>[\/vc_column][\/vc_row][vc_row][vc_column]<div class=\"ult-spacer spacer-69f4f8e16310a\" data-id=\"69f4f8e16310a\" data-height=\"30\" data-height-mobile=\"10\" data-height-tab=\"15\" data-height-tab-portrait=\"15\" data-height-mobile-landscape=\"10\" style=\"clear:both;display:block;\"><\/div>[vc_row_inner spacing=&#8221;default_no_spaces&#8221;][vc_column_inner]<h3><center><strong>Pourquoi<\/strong> devrais-je obtenir le service de projet d'ascenseur de la soci\u00e9t\u00e9 <strong>Cemka<\/strong>?<\/center><\/h3><div class=\"ult-spacer spacer-69f4f8e163133\" data-id=\"69f4f8e163133\" data-height=\"20\" data-height-mobile=\"0\" data-height-tab=\"5\" data-height-tab-portrait=\"5\" data-height-mobile-landscape=\"0\" style=\"clear:both;display:block;\"><\/div>[\/vc_column_inner][\/vc_row_inner][\/vc_column][vc_column width=&#8221;1\/2&#8243;]<div class='dt-sc-toggle-frame-set type3 '><div class=\"dt-sc-toggle-frame\">\t<h5 class='dt-sc-toggle-accordion '><a href='#'>&#8221;Personnel<\/a><\/h5>\t<div class=\"dt-sc-toggle-content\" style=\"display: none;\">\t\t<div class=\"block\">[vc_column_text]Cemka Engineering est au service de sa grande capacit\u00e9 et de son personnel exp\u00e9riment\u00e9 depuis plus de 15 ans. CEMKA Engineering s&#8217;appuie sur son personnel exp\u00e9riment\u00e9 notamment dans le service qu&#8217;il fournit dans le plan de la cage d&#8217;ascenseur, les calculs de r\u00e9sistance du plan de la cabine et le projet d&#8217;ascenseur.[\/vc_column_text]\t\t<\/div>\t<\/div><\/div><div class=\"dt-sc-toggle-frame\">\t<h5 class='dt-sc-toggle-accordion '><a href='#'>&#8221;Bureau<\/a><\/h5>\t<div class=\"dt-sc-toggle-content\" style=\"display: none;\">\t\t<div class=\"block\">[vc_column_text css=&#8221;.vc_custom_1605097689295{margin-bottom: 0px !important;}&#8221;]Cemka Engineering fournit un service rapide \u00e0 ses clients avec son bureau de plans, parfois attendre des jours pour des petits plans et des travaux de photocopie est une situation qui n&#8217;est pas arriv\u00e9e \u00e0 ses clients depuis des ann\u00e9es chez CEMKA. La plupart du temps, votre projet est pr\u00eat et exp\u00e9di\u00e9 le jour m\u00eame[\/vc_column_text]\t\t<\/div>\t<\/div><\/div><div class=\"dt-sc-toggle-frame\">\t<h5 class='dt-sc-toggle-accordion '><a href='#'>&#8221;Ordres<\/a><\/h5>\t<div class=\"dt-sc-toggle-content\" style=\"display: none;\">\t\t<div class=\"block\">[vc_column_text css=&#8221;.vc_custom_1605097731837{margin-bottom: 0px !important;}&#8221;]Chez CEMKA Engineering, vos projets sont s\u00fbrs m\u00eame apr\u00e8s des ann\u00e9es. Vous pouvez acc\u00e9der \u00e0 toutes sortes d&#8217;informations en tr\u00e8s peu de temps avec le syst\u00e8me de suivi CRM. Vous pouvez \u00e9galement avoir des informations claires sur l&#8217;\u00e9tat de vos commandes.[\/vc_column_text]\t\t<\/div>\t<\/div><\/div><div class=\"dt-sc-toggle-frame\">\t<h5 class='dt-sc-toggle-accordion '><a href='#'>&#8221;Syst\u00e8mes<\/a><\/h5>\t<div class=\"dt-sc-toggle-content\" style=\"display: none;\">\t\t<div class=\"block\">[vc_column_text css=&#8221;.vc_custom_1605097774104{margin-bottom: 0px !important;}&#8221;]Dans Cemka Engineering, vos projets et fichiers techniques vous appartenant ne sont jamais perdus, et vos projets et documents sont en s\u00e9curit\u00e9 dans le syst\u00e8me CRM, les syst\u00e8mes Windows Server internes et les serveurs cloud.[\/vc_column_text]\t\t<\/div>\t<\/div><\/div><\/div>[\/vc_column][vc_column width=&#8221;1\/2&#8243; el_class=&#8221;custom-arrow-navigation&#8221; offset=&#8221;vc_hidden-xs&#8221;]<div id=\"ult-carousel-70434330469f4f8e1634a0\" class=\"ult-carousel-wrapper  custom-arrow-navigation ult_horizontal\" data-gutter=\"15\" data-rtl=\"false\" ><div class=\"ult-carousel-40940775869f4f8e1633b1 \" >[vc_single_image image=&#8221;10705&#8243; img_size=&#8221;full&#8221;][vc_single_image image=&#8221;10704&#8243; img_size=&#8221;full&#8221;][vc_single_image image=&#8221;10703&#8243; img_size=&#8221;full&#8221;][vc_single_image image=&#8221;10707&#8243; img_size=&#8221;full&#8221;]<\/div><\/div>\t\t\t<script type=\"text\/javascript\">\n\t\t\t\tjQuery(document).ready(function ($) {\n\t\t\t\t\tif( typeof jQuery('.ult-carousel-40940775869f4f8e1633b1').slick == \"function\"){\n\t\t\t\t\t\t$('.ult-carousel-40940775869f4f8e1633b1').slick({dots: false,autoplay: true,autoplaySpeed: 3000,speed: 750,infinite: true,arrows: false,slidesToScroll:1,slidesToShow:1,swipe: true,draggable: true,touchMove: true,pauseOnHover: true,pauseOnFocus: false,adaptiveHeight: true,responsive: [\n\t\t\t\t\t\t\t{\n\t\t\t\t\t\t\t  breakpoint: 1026,\n\t\t\t\t\t\t\t  settings: {\n\t\t\t\t\t\t\t\tslidesToShow: 1,\n\t\t\t\t\t\t\t\tslidesToScroll: 1,  \n\t\t\t\t\t\t\t  }\n\t\t\t\t\t\t\t},\n\t\t\t\t\t\t\t{\n\t\t\t\t\t\t\t  breakpoint: 1025,\n\t\t\t\t\t\t\t  settings: {\n\t\t\t\t\t\t\t\tslidesToShow: 1,\n\t\t\t\t\t\t\t\tslidesToScroll: 1\n\t\t\t\t\t\t\t  }\n\t\t\t\t\t\t\t},\n\t\t\t\t\t\t\t{\n\t\t\t\t\t\t\t  breakpoint: 760,\n\t\t\t\t\t\t\t  settings: {\n\t\t\t\t\t\t\t\tslidesToShow: 1,\n\t\t\t\t\t\t\t\tslidesToScroll: 1\n\t\t\t\t\t\t\t  }\n\t\t\t\t\t\t\t}\n\t\t\t\t\t\t],pauseOnDotsHover: true,customPaging: function(slider, i) {\n                   return '<i type=\"button\" style= \"color:#333333;\" class=\"ultsl-record\" data-role=\"none\"><\/i>';\n                },});\n\t\t\t\t\t}\n\t\t\t\t});\n\t\t\t<\/script>\n\t\t\t[\/vc_column][vc_column][\/vc_column][\/vc_row][vc_row][vc_column][\/vc_column][vc_column width=&#8221;2\/3&#8243;]<div class='dt-sc-title script-with-sub-title alignleft with-separator---'><h3><strong>Foire Aux Questions<\/strong><\/h3><h3><\/h3><\/div><div class='dt-sc-toggle-frame-set type2 h5'><div class=\"dt-sc-toggle-frame\">\t<h5 class='dt-sc-toggle-accordion '><a href='#'>&#8221;Quelles<\/a><\/h5>\t<div class=\"dt-sc-toggle-content\" style=\"display: none;\">\t\t<div class=\"block\">[vc_column_text]Afin de pr\u00e9parer le dossier technique de l&#8217;ascenseur, l&#8217;entreprise doit fournir les d\u00e9tails et les informations concernant l&#8217;ascenseur pour lequel le dossier technique doit \u00eatre pr\u00e9par\u00e9 par CEMKA. Le formulaire d&#8217;information requis pour ces dimensions et informations est disponible dans le menu adjacent. Vous pouvez le t\u00e9l\u00e9charger ici.[\/vc_column_text]\t\t<\/div>\t<\/div><\/div><div class=\"dt-sc-toggle-frame\">\t<h5 class='dt-sc-toggle-accordion '><a href='#'>&#8221;Qu&#8217;est-ce<\/a><\/h5>\t<div class=\"dt-sc-toggle-content\" style=\"display: none;\">\t\t<div class=\"block\">[vc_column_text]Dossier de conformit\u00e9 technique de l&#8217;ascenseur\nLe dossier technique devrait contenir les informations suivantes qui peuvent \u00eatre requises pour la proc\u00e9dure d&#8217;\u00e9valuation de la conformit\u00e9:\n&#8211; Nom et adresse du fabricant \/ installateur d&#8217;ascenseur,\n&#8211; D\u00e9tails du lieu o\u00f9 l&#8217;ascenseur est soumis au contr\u00f4le,\n&#8211; Une description g\u00e9n\u00e9rale de l&#8217;ascenseur (caract\u00e9ristiques, charge, vitesse, mont\u00e9e, arr\u00eats, etc.),\n&#8211; Dessins et \/ ou sch\u00e9mas de conception et de fabrication (m\u00e9canique \/ \u00e9lectrique \/ hydraulique).\nRemarque &#8211; Dessins et sch\u00e9mas pour comprendre la conception et le fonctionnement\n&#8211; Une copie des certificats d&#8217;examen de type des composants de s\u00e9curit\u00e9 utilis\u00e9s dans l&#8217;ascenseur. En compl\u00e9ment de la norme EN 81-50\ndevrait \u00eatre examin\u00e9.\n&#8211; Le cas \u00e9ch\u00e9ant, certificats et \/ ou rapports de:\n&#8211; cordes ou cha\u00eenes,\n&#8211; panneaux de verre,\n&#8211; Test d&#8217;impact de porte,\n&#8211; Test de combustion de la porte,\n&#8211; Concernant les r\u00e9sultats de tous les essais ou calculs effectu\u00e9s par le fabricant ou le sous-traitant.\nrapports:\n&#8211; Par exemple, entra\u00eenement par c\u00e2ble, rails de guidage, calculs hydrauliques.\n&#8211; Une copie du manuel d&#8217;instructions de l&#8217;ascenseur:\n&#8211; plans et sch\u00e9mas,\nRemarque &#8211; Utilisation normale, entretien, r\u00e9paration, inspections p\u00e9riodiques et op\u00e9rations de sauvetage\nplans et sch\u00e9mas pour sa r\u00e9alisation.\n&#8211; les instructions d&#8217;utilisation de l&#8217;ascenseur,\n&#8211; instructions de maintenance (voir EN 13015);\n&#8211; Proc\u00e9dures d&#8217;urgence,\n&#8211; les exigences du fabricant pour les contr\u00f4les p\u00e9riodiques,\nRemarque: n&#8217;inclut pas les r\u00e9glementations nationales.\n&#8211; Registre.\nRemarque\u2014 Un journal pour enregistrer les r\u00e9parations et les inspections p\u00e9riodiques, le cas \u00e9ch\u00e9ant.[\/vc_column_text]\t\t<\/div>\t<\/div><\/div><\/div>[\/vc_column][vc_column width=&#8221;1\/3&#8243;]<div class='dt-sc-title script-with-sub-title alignleft with-separator---'><h3>Formulaires <strong> et informations <\/strong><\/h3><h3><\/h3><\/div><a class='dt-sc-colored-big-buttons with-left-icon blue ' target=' _blank' title='Cemka Asans\u00f6r Proje Formu' href='https:\/\/www.cemka.com.tr\/wp-content\/uploads\/2020\/04\/Asanso\u0308r-Proje-Formu.pdf'> <span class='pe-icon pe-download'> <\/span> Formulaire de projet  <br> <strong>pour ascenseur<\/strong> <\/a><div class=\"ult-spacer spacer-69f4f8e163919\" data-id=\"69f4f8e163919\" data-height=\"15\" data-height-mobile=\"15\" data-height-tab=\"15\" data-height-tab-portrait=\"\" data-height-mobile-landscape=\"\" style=\"clear:both;display:block;\"><\/div><div class='dt-sc-title script-with-sub-title alignleft with-separator---'><h3>Contactez-nous <strong> pour l'information<\/strong> <\/h3><h3><\/h3><\/div>[vc_single_image image=&#8221;10712&#8243; img_size=&#8221;full&#8221; style=&#8221;vc_box_shadow_3d&#8221; onclick=&#8221;custom_link&#8221; css_animation=&#8221;flipInX&#8221; link=&#8221;mailto:info@cemka.net&#8221;][\/vc_column][\/vc_row]<\/p>\n","protected":false},"excerpt":{"rendered":"<p>[vc_row][vc_column][\/vc_column][vc_column width=&#8221;1\/3&#8243;][vc_single_image image=&#8221;10315&#8243; img_size=&#8221;large&#8221; style=&#8221;vc_box_shadow_3d&#8221;][\/vc_column][vc_column width=&#8221;2\/3&#8243;][vc_column_text]Selon la directive 2014\/33 \/ UE, le dossier technique de l&#8217;ascenseur \u00e0 mettre sur le march\u00e9 doit \u00eatre pr\u00e9par\u00e9 et appos\u00e9 avec le marquage CE avec l&#8217;approbation de la d\u00e9claration de conformit\u00e9. Dans la l\u00e9gislation actuelle, le dossier technique doit \u00eatre pr\u00e9par\u00e9 conform\u00e9ment \u00e0 la partie Annexe c de la [&hellip;]<\/p>\n","protected":false},"author":1,"featured_media":0,"parent":0,"menu_order":0,"comment_status":"closed","ping_status":"closed","template":"","meta":[],"_links":{"self":[{"href":"https:\/\/www.cemka.com.tr\/francais\/wp-json\/wp\/v2\/pages\/10860"}],"collection":[{"href":"https:\/\/www.cemka.com.tr\/francais\/wp-json\/wp\/v2\/pages"}],"about":[{"href":"https:\/\/www.cemka.com.tr\/francais\/wp-json\/wp\/v2\/types\/page"}],"author":[{"embeddable":true,"href":"https:\/\/www.cemka.com.tr\/francais\/wp-json\/wp\/v2\/users\/1"}],"replies":[{"embeddable":true,"href":"https:\/\/www.cemka.com.tr\/francais\/wp-json\/wp\/v2\/comments?post=10860"}],"version-history":[{"count":0,"href":"https:\/\/www.cemka.com.tr\/francais\/wp-json\/wp\/v2\/pages\/10860\/revisions"}],"wp:attachment":[{"href":"https:\/\/www.cemka.com.tr\/francais\/wp-json\/wp\/v2\/media?parent=10860"}],"curies":[{"name":"wp","href":"https:\/\/api.w.org\/{rel}","templated":true}]}}